{"id":12388,"date":"2024-02-20T14:04:24","date_gmt":"2024-02-20T13:04:24","guid":{"rendered":"https:\/\/amnistra.com\/privacy-policy\/"},"modified":"2024-04-19T14:27:41","modified_gmt":"2024-04-19T12:27:41","slug":"privacy-policy","status":"publish","type":"page","link":"https:\/\/amnistra.com\/pl\/privacy-policy\/","title":{"rendered":"Privacy Policy"},"content":{"rendered":"\n<p>W celu uzyskania informacji o gromadzonych przez Ciebie danych osobowych, celach i podmiotach, kt\u00f3rym dane s\u0105 udost\u0119pniane, mo\u017cesz skontaktowa\u0107 si\u0119 z Administratorem danych.<\/p>\n\n<h3 class=\"wp-block-heading\">Administrator danych<\/h3>\n\n<p>Adres e-mail w\u0142a\u015bciciela: info@amnistra.com<\/p>\n\n<h4 class=\"wp-block-heading\">Rodzaje gromadzonych danych<\/h4>\n\n<p>Administrator Danych nie udost\u0119pnia wykazu rodzaj\u00f3w gromadzonych Danych Osobowych.<\/p>\n\n<p>Pe\u0142ne informacje na temat ka\u017cdego rodzaju gromadzonych danych znajduj\u0105 si\u0119 w dedykowanych sekcjach niniejszej polityki prywatno\u015bci lub w specjalnych tekstach informacyjnych wy\u015bwietlanych przed gromadzeniem danych.<\/p>\n\n<p>Dane Osobowe mog\u0105 by\u0107 swobodnie podawane przez U\u017cytkownika lub, w przypadku Danych U\u017cytkowych, zbierane automatycznie podczas korzystania z tej Aplikacji.<\/p>\n\n<p>O ile nie okre\u015blono inaczej, wszystkie Dane wymagane w niniejszej Aplikacji s\u0105 obowi\u0105zkowe. Je\u017celi U\u017cytkownik odm\u00f3wi ich przekazania, \u015bwiadczenie Us\u0142ugi przez t\u0119 Aplikacj\u0119 mo\u017ce okaza\u0107 si\u0119 niemo\u017cliwe. W przypadkach, gdy w Aplikacji wskazano niekt\u00f3re Dane jako opcjonalne, U\u017cytkownicy mog\u0105 powstrzyma\u0107 si\u0119 od przekazywania takich Danych, bez wp\u0142ywu na dost\u0119pno\u015b\u0107 Us\u0142ugi lub jej dzia\u0142anie.<\/p>\n\n<p>U\u017cytkownik\u00f3w, kt\u00f3rzy maj\u0105 w\u0105tpliwo\u015bci, kt\u00f3re Dane s\u0105 obowi\u0105zkowe, zach\u0119camy do skontaktowania si\u0119 z Administratorem Danych.<\/p>\n\n<p>Jakiekolwiek u\u017cycie plik\u00f3w cookie \u2013 lub innych narz\u0119dzi \u015bledz\u0105cych \u2013 przez t\u0119 Aplikacj\u0119 lub przez w\u0142a\u015bcicieli us\u0142ug stron trzecich wykorzystywanych przez t\u0119 Aplikacj\u0119, o ile nie okre\u015blono inaczej, ma na celu \u015bwiadczenie Us\u0142ugi \u017c\u0105danej przez U\u017cytkownika, opr\u00f3cz dodatkowych cel\u00f3w opisanych w tym dokumencie oraz w Polityce plik\u00f3w cookies, je\u015bli jest dost\u0119pna.<\/p>\n\n<p>U\u017cytkownik przejmuje odpowiedzialno\u015b\u0107 za Dane osobowe os\u00f3b trzecich uzyskane, opublikowane lub udost\u0119pnione za po\u015brednictwem tej Aplikacji i gwarantuje, \u017ce ma prawo do ich komunikowania lub rozpowszechniania, zwalniaj\u0105c W\u0142a\u015bciciela z jakiejkolwiek odpowiedzialno\u015bci wobec os\u00f3b trzecich.<\/p>\n\n<h4 class=\"wp-block-heading\">Metody i miejsce przetwarzania zbieranych Danych<\/h4>\n\n<h4 class=\"wp-block-heading\">Metody przetwarzania<\/h4>\n\n<p>Administrator Danych przyjmuje odpowiednie \u015brodki bezpiecze\u0144stwa, aby zapobiec nieuprawnionemu dost\u0119powi, ujawnieniu, modyfikacji lub zniszczeniu Danych Osobowych.<\/p>\n\n<p>Przetwarzanie odbywa si\u0119 przy u\u017cyciu narz\u0119dzi informatycznych i\/lub telematycznych, przy czym metody organizacyjne i logika s\u0105 \u015bci\u015ble powi\u0105zane ze wskazanymi celami. Opr\u00f3cz Administratora Danych, w niekt\u00f3rych przypadkach inne strony zaanga\u017cowane w organizacj\u0119 tej Aplikacji (administracyjne, handlowe, marketingowe, prawne, administratorzy system\u00f3w) lub strony zewn\u0119trzne (takie jak zewn\u0119trzni dostawcy us\u0142ug technicznych, kurierzy pocztowi, dostawcy hostingu , firmy informatyczne, agencje komunikacji) mog\u0105 mie\u0107 dost\u0119p do Danych, a tak\u017ce, w razie potrzeby, wyznaczeni przez Administratora Danych jako Podmioty Przetwarzaj\u0105ce Dane. Aktualn\u0105 list\u0119 podmiot\u00f3w przetwarzaj\u0105cych dane mo\u017cna w ka\u017cdej chwili za\u017c\u0105da\u0107 od Administratora danych.<\/p>\n\n<h4 class=\"wp-block-heading\">Aktualn\u0105 list\u0119 podmiot\u00f3w przetwarzaj\u0105cych dane mo\u017cna w ka\u017cdej chwili za\u017c\u0105da\u0107 od Administratora danych.<\/h4>\n\n<p>Administrator Danych przetwarza Dane Osobowe dotycz\u0105ce U\u017cytkownika w przypadku zaistnienia jednej z poni\u017cszych przes\u0142anek:<\/p>\n\n<ul class=\"wp-block-list\">\n<li>U\u017cytkownik wyrazi\u0142 zgod\u0119 na jeden lub wi\u0119cej okre\u015blonych cel\u00f3w; Uwaga: w niekt\u00f3rych jurysdykcjach Administrator danych mo\u017ce mie\u0107 mo\u017cliwo\u015b\u0107 przetwarzania Danych osobowych bez zgody U\u017cytkownika lub innej podstawy prawnej okre\u015blonej poni\u017cej, do czasu wyra\u017cenia przez U\u017cytkownika sprzeciwu (\u201erezygnacja\u201d) wobec takiego przetwarzania. Nie ma to jednak zastosowania, je\u017celi przetwarzanie Danych Osobowych podlega przepisom europejskim dotycz\u0105cym ochrony Danych Osobowych;<\/li>\n\n\n\n<li>przetwarzanie jest niezb\u0119dne do wykonania umowy z U\u017cytkownikiem i\/lub podj\u0119cia dzia\u0142a\u0144 przedumownych;<\/li>\n\n\n\n<li>przetwarzanie jest niezb\u0119dne do wywi\u0105zania si\u0119 z obowi\u0105zku prawnego ci\u0105\u017c\u0105cego na Administratorze;<\/li>\n\n\n\n<li>przetwarzanie jest niezb\u0119dne do wykonania zadania realizowanego w interesie publicznym lub do sprawowania w\u0142adzy publicznej powierzonej Administratorowi;<\/li>\n\n\n\n<li>przetwarzanie jest niezb\u0119dne do realizacji prawnie uzasadnionego interesu Administratora lub os\u00f3b trzecich.<\/li>\n<\/ul>\n\n<p>W ka\u017cdym przypadku zawsze istnieje mo\u017cliwo\u015b\u0107 zwr\u00f3cenia si\u0119 do Administratora o wyja\u015bnienie konkretnej podstawy prawnej ka\u017cdorazowego przetwarzania, a w szczeg\u00f3lno\u015bci o okre\u015blenie, czy przetwarzanie odbywa si\u0119 na podstawie prawa przewidzianego umow\u0105 lub jest niezb\u0119dne do zawarcia umowy.<\/p>\n\n<h4 class=\"wp-block-heading\">Miejsce<\/h4>\n\n<p>Dane przetwarzane s\u0105 w siedzibach Administratora Danych oraz w ka\u017cdym innym miejscu, w kt\u00f3rym znajduj\u0105 si\u0119 strony uczestnicz\u0105ce w przetwarzaniu. Aby uzyska\u0107 wi\u0119cej informacji, skontaktuj si\u0119 z Administratorem danych.<\/p>\n\n<p>Twoje Dane Osobowe mog\u0105 zosta\u0107 przekazane do kraju innego ni\u017c kraj, w kt\u00f3rym si\u0119 znajdujesz. Aby uzyska\u0107 dalsze informacje na temat miejsca przetwarzania, U\u017cytkownik mo\u017ce zapozna\u0107 si\u0119 z sekcj\u0105 dotycz\u0105c\u0105 szczeg\u00f3\u0142\u00f3w przetwarzania Danych Osobowych.<\/p>\n\n<p>U\u017cytkownikowi przys\u0142uguje prawo uzyskania informacji o podstawie prawnej przekazania Danych poza Uni\u0119 Europejsk\u0105 lub do organizacji mi\u0119dzynarodowej prawa mi\u0119dzynarodowego publicznego publicznego lub sk\u0142adaj\u0105cej si\u0119 z dw\u00f3ch lub wi\u0119cej pa\u0144stw, takiej jak Organizacja Narod\u00f3w Zjednoczonych, a tak\u017ce o bezpiecze\u0144stwie \u015brodki przyj\u0119te przez Administratora Danych w celu ochrony Danych.<\/p>\n\n<p>U\u017cytkownik mo\u017ce sprawdzi\u0107, czy nast\u0119puje jeden z opisanych powy\u017cej transfer\u00f3w zapoznaj\u0105c si\u0119 z sekcj\u0105 niniejszego dokumentu dotycz\u0105c\u0105 szczeg\u00f3\u0142\u00f3w przetwarzania Danych Osobowych lub zwr\u00f3ci\u0107 si\u0119 o informacj\u0119 do Administratora Danych, kontaktuj\u0105c si\u0119 z nim na wskazane na wst\u0119pie dane kontaktowe.<\/p>\n\n<h4 class=\"wp-block-heading\">Okres przechowywania<\/h4>\n\n<p>Dane s\u0105 przetwarzane i przechowywane przez czas niezb\u0119dny do cel\u00f3w, dla kt\u00f3rych zosta\u0142y zebrane.<\/p>\n\n<p>Dlatego:<\/p>\n\n<ul class=\"wp-block-list\">\n<li>Dane Osobowe zbierane w celach zwi\u0105zanych z realizacj\u0105 umowy pomi\u0119dzy Administratorem a U\u017cytkownikiem b\u0119d\u0105 przechowywane do czasu zako\u0144czenia realizacji tej umowy.<\/li>\n\n\n\n<li>Dane Osobowe zbierane dla cel\u00f3w zwi\u0105zanych z prawnie uzasadnionym interesem Administratora b\u0119d\u0105 przechowywane do czasu zaspokojenia tego interesu. U\u017cytkownik mo\u017ce uzyska\u0107 dodatkowe informacje dotycz\u0105ce prawnie uzasadnionego interesu realizowanego przez Administratora Danych w odpowiednich punktach niniejszego dokumentu lub kontaktuj\u0105c si\u0119 z Administratorem Danych.<\/li>\n<\/ul>\n\n<p>Je\u017celi przetwarzanie odbywa si\u0119 na podstawie zgody U\u017cytkownika, Administrator mo\u017ce przechowywa\u0107 Dane Osobowe d\u0142u\u017cej do czasu wycofania tej zgody. Ponadto Administrator Danych mo\u017ce by\u0107 zobowi\u0105zany do d\u0142u\u017cszego przechowywania Danych Osobowych w ramach wywi\u0105zania si\u0119 z obowi\u0105zku prawnego lub na polecenie organu w\u0142adzy.<\/p>\n\n<p>Po up\u0142ywie okresu przechowywania Dane Osobowe zostan\u0105 usuni\u0119te. Dlatego po up\u0142ywie tego okresu nie b\u0119dzie mo\u017cna ju\u017c korzysta\u0107 z prawa dost\u0119pu, anulowania, poprawiania i przenoszenia danych.<\/p>\n\n<h4 class=\"wp-block-heading\">Prawa u\u017cytkownika<\/h4>\n\n<p>U\u017cytkownicy mog\u0105 skorzysta\u0107 z okre\u015blonych praw w odniesieniu do Danych przetwarzanych przez Administratora Danych.<\/p>\n\n<p>W szczeg\u00f3lno\u015bci U\u017cytkownikowi przys\u0142uguje prawo do:<\/p>\n\n<ul class=\"wp-block-list\">\n<li>wycofa\u0107 swoj\u0105 zgod\u0119 w dowolnym momencie. U\u017cytkownik mo\u017ce odwo\u0142a\u0107 wyra\u017con\u0105 wcze\u015bniej zgod\u0119 na przetwarzanie jego Danych Osobowych.<\/li>\n\n\n\n<li>sprzeciwi\u0107 si\u0119 przetwarzaniu swoich Danych. Mo\u017cesz sprzeciwi\u0107 si\u0119 przetwarzaniu Twoich Danych, gdy odbywa si\u0119 ono na innej podstawie prawnej ni\u017c zgoda. Wi\u0119cej szczeg\u00f3\u0142\u00f3w na temat prawa do sprzeciwu mo\u017cna znale\u017a\u0107 w poni\u017cszej sekcji.<\/li>\n\n\n\n<li>uzyska\u0107 dost\u0119p do swoich Danych. U\u017cytkownikowi przys\u0142uguje prawo do uzyskania informacji o Danych przetwarzanych przez Administratora Danych, niekt\u00f3rych aspektach przetwarzania oraz otrzymania kopii przetwarzanych Danych.<\/li>\n\n\n\n<li>U\u017cytkownikowi przys\u0142uguje prawo do uzyskania informacji o Danych przetwarzanych przez Administratora Danych, niekt\u00f3rych aspektach przetwarzania oraz otrzymania kopii przetwarzanych Danych. U\u017cytkownik ma mo\u017cliwo\u015b\u0107 sprawdzenia prawid\u0142owo\u015bci swoich Danych oraz \u017c\u0105dania ich aktualizacji lub poprawienia.<\/li>\n\n\n\n<li>uzyska\u0107 ograniczenie przetwarzania. Po spe\u0142nieniu okre\u015blonych warunk\u00f3w U\u017cytkownik mo\u017ce \u017c\u0105da\u0107 ograniczenia przetwarzania jego Danych. W takim przypadku Administrator Danych nie b\u0119dzie przetwarza\u0142 Danych w innym celu ni\u017c ich przechowywanie.<\/li>\n\n\n\n<li>uzyskania usuni\u0119cia lub usuni\u0119cia Twoich Danych Osobowych. Po spe\u0142nieniu okre\u015blonych warunk\u00f3w U\u017cytkownik mo\u017ce \u017c\u0105da\u0107 usuni\u0119cia jego Danych przez Administratora Danych.<\/li>\n\n\n\n<li>Po spe\u0142nieniu okre\u015blonych warunk\u00f3w U\u017cytkownik mo\u017ce \u017c\u0105da\u0107 usuni\u0119cia jego Danych przez Administratora Danych. U\u017cytkownik ma prawo otrzyma\u0107 swoje Dane w ustrukturyzowanym, powszechnie u\u017cywanym formacie nadaj\u0105cym si\u0119 do odczytu maszynowego oraz, o ile jest to technicznie wykonalne, uzyska\u0107 ich niezak\u0142\u00f3cone przeniesienie do innego administratora. Niniejsze postanowienie ma zastosowanie, gdy Dane przetwarzane s\u0105 w spos\u00f3b zautomatyzowany i przetwarzanie odbywa si\u0119 na podstawie zgody U\u017cytkownika, umowy, kt\u00f3rej U\u017cytkownik jest stron\u0105 lub zwi\u0105zanych z ni\u0105 \u015brodk\u00f3w umownych.<\/li>\n\n\n\n<li>z\u0142o\u017cy\u0107 skarg\u0119. Mo\u017cesz z\u0142o\u017cy\u0107 skarg\u0119 do w\u0142a\u015bciwego organu nadzorczego ds. ochrony danych lub podj\u0105\u0107 kroki prawne.<\/li>\n<\/ul>\n\n<h4 class=\"wp-block-heading\">Szczeg\u00f3\u0142y dotycz\u0105ce prawa do sprzeciwu<\/h4>\n\n<p>Je\u017celi Dane Osobowe s\u0105 przetwarzane w interesie publicznym, w ramach sprawowania w\u0142adzy publicznej powierzonej Administratorowi Danych lub w celu realizacji prawnie uzasadnionego interesu Administratora, U\u017cytkownicy maj\u0105 prawo wnie\u015b\u0107 sprzeciw wobec przetwarzania z przyczyn zwi\u0105zanych z ich szczeg\u00f3ln\u0105 sytuacj\u0105.<\/p>\n\n<p>U\u017cytkownik\u00f3w informuje si\u0119, \u017ce w przypadku przetwarzania ich Danych na potrzeby marketingu bezpo\u015bredniego mog\u0105 oni wnie\u015b\u0107 sprzeciw wobec przetwarzania bez podania przyczyny. Aby dowiedzie\u0107 si\u0119, czy Administrator danych przetwarza dane na potrzeby marketingu bezpo\u015bredniego, U\u017cytkownicy mog\u0105 zapozna\u0107 si\u0119 z odpowiednimi punktami niniejszego dokumentu.<\/p>\n\n<h4 class=\"wp-block-heading\">Jak skorzysta\u0107 ze swoich praw<\/h4>\n\n<p>Aby skorzysta\u0107 z praw przys\u0142uguj\u0105cych U\u017cytkownikowi, U\u017cytkownik mo\u017ce skierowa\u0107 \u017c\u0105danie na Dane Kontaktowe Administratora wskazane w niniejszym dokumencie. \u017b\u0105dania s\u0105 sk\u0142adane bezp\u0142atnie i przetwarzane przez Administratora w mo\u017cliwie najkr\u00f3tszym terminie, w ka\u017cdym razie w terminie jednego miesi\u0105ca.<\/p>\n\n<h4 class=\"wp-block-heading\">Wi\u0119cej informacji na temat zabiegu<\/h4>\n\n<h4 class=\"wp-block-heading\">Obrona w s\u0105dzie<\/h4>\n\n<p>Dane Osobowe U\u017cytkownika mog\u0105 zosta\u0107 wykorzystane przez Administratora Danych w s\u0105dzie lub na etapie przygotowawczym do jego ewentualnego ustalenia w celu obrony przed nadu\u017cyciami w korzystaniu przez U\u017cytkownika z tej Aplikacji lub powi\u0105zanych Us\u0142ug.<\/p>\n\n<p>U\u017cytkownik o\u015bwiadcza, \u017ce \u200b\u200bjest \u015bwiadomy, \u017ce Administrator Danych mo\u017ce by\u0107 zobowi\u0105zany do ujawnienia Danych na polecenie organ\u00f3w w\u0142adzy publicznej.<\/p>\n\n<h4 class=\"wp-block-heading\">Konkretne ujawnienia<\/h4>\n\n<p>Na \u017c\u0105danie U\u017cytkownika, opr\u00f3cz informacji zawartych w niniejszej polityce prywatno\u015bci, niniejsza Aplikacja mo\u017ce udost\u0119pni\u0107 U\u017cytkownikowi dodatkowe i kontekstowe informacje dotycz\u0105ce konkretnych Us\u0142ug lub gromadzenia i przetwarzania Danych Osobowych.<\/p>\n\n<h4 class=\"wp-block-heading\">Dzienniki systemowe i konserwacja<\/h4>\n\n<p>Dla potrzeb zwi\u0105zanych z obs\u0142ug\u0105 i konserwacj\u0105, ta Aplikacja oraz wszelkie wykorzystywane przez ni\u0105 us\u0142ugi podmiot\u00f3w trzecich mog\u0105 gromadzi\u0107 logi systemowe, czyli pliki rejestruj\u0105ce interakcje, a tak\u017ce mog\u0105 zawiera\u0107 Dane Osobowe, takie jak adres IP U\u017cytkownika.<\/p>\n\n<h4 class=\"wp-block-heading\">Informacje nie zawarte w niniejszej polityce<\/h4>\n\n<p>Dalsze informacje zwi\u0105zane z przetwarzaniem Danych Osobowych mo\u017cna uzyska\u0107 w ka\u017cdej chwili od Administratora Danych, korzystaj\u0105c z danych kontaktowych.<\/p>\n\n<h4 class=\"wp-block-heading\">Odpowiadanie na \u017c\u0105dania \u201eNie \u015bled\u017a\u201d.<\/h4>\n\n<p>Ta aplikacja nie obs\u0142uguje \u017c\u0105da\u0144 \u201eDo Not Track\u201d.<\/p>\n\n<p>Aby dowiedzie\u0107 si\u0119, czy us\u0142ugi stron trzecich, z kt\u00f3rych korzystasz, je obs\u0142uguj\u0105, zapoznaj si\u0119 z ich polityk\u0105 prywatno\u015bci.<\/p>\n\n<h4 class=\"wp-block-heading\">Zmiany w niniejszej polityce prywatno\u015bci<\/h4>\n\n<p>Administrator danych zastrzega sobie prawo do wprowadzenia zmian w niniejszej polityce prywatno\u015bci w dowolnym momencie, powiadamiaj\u0105c o tym U\u017cytkownik\u00f3w na tej stronie oraz, je\u015bli to mo\u017cliwe, w tej Aplikacji oraz, je\u015bli jest to technicznie i prawnie wykonalne, wysy\u0142aj\u0105c powiadomienie do U\u017cytkownik\u00f3w za po\u015brednictwem jednego z danych kontaktowych w jego posiadaniu. Prosimy o cz\u0119ste odwiedzanie tej strony, odnosz\u0105c si\u0119 do daty ostatniej modyfikacji wskazanej na dole.<\/p>\n\n<p>Je\u017celi zmiany maj\u0105 wp\u0142yw na przetwarzanie, kt\u00f3rego podstaw\u0105 prawn\u0105 jest zgoda, Administrator danych ponownie pobierze zgod\u0119 U\u017cytkownika, je\u015bli zajdzie taka potrzeba.<\/p>\n","protected":false},"excerpt":{"rendered":"<p>W celu uzyskania informacji o gromadzonych przez Ciebie danych osobowych, celach i podmiotach, kt\u00f3rym dane s\u0105 udost\u0119pniane, mo\u017cesz skontaktowa\u0107 si\u0119 z Administratorem danych. Administrator danych Adres e-mail w\u0142a\u015bciciela: info@amnistra.com Rodzaje gromadzonych danych Administrator Danych nie udost\u0119pnia wykazu rodzaj\u00f3w gromadzonych Danych Osobowych. Pe\u0142ne informacje na temat ka\u017cdego rodzaju gromadzonych danych znajduj\u0105 si\u0119 w dedykowanych sekcjach niniejszej [&hellip;]<\/p>\n","protected":false},"author":1,"featured_media":0,"parent":0,"menu_order":0,"comment_status":"closed","ping_status":"open","template":"","meta":{"inline_featured_image":false,"footnotes":""},"class_list":["post-12388","page","type-page","status-publish","hentry"],"yoast_head":"<!-- This site is optimized with the Yoast SEO plugin v22.4 - https:\/\/yoast.com\/wordpress\/plugins\/seo\/ -->\n<title>Privacy Policy - Amnistra<\/title>\n<meta name=\"robots\" content=\"index, follow, max-snippet:-1, max-image-preview:large, max-video-preview:-1\" \/>\n<link rel=\"canonical\" href=\"https:\/\/amnistra.com\/pl\/privacy-policy\/\" \/>\n<meta property=\"og:locale\" content=\"pl_PL\" \/>\n<meta property=\"og:type\" content=\"article\" \/>\n<meta property=\"og:title\" content=\"Privacy Policy - Amnistra\" \/>\n<meta property=\"og:description\" content=\"W celu uzyskania informacji o gromadzonych przez Ciebie danych osobowych, celach i podmiotach, kt\u00f3rym dane s\u0105 udost\u0119pniane, mo\u017cesz skontaktowa\u0107 si\u0119 z Administratorem danych. Administrator danych Adres e-mail w\u0142a\u015bciciela: info@amnistra.com Rodzaje gromadzonych danych Administrator Danych nie udost\u0119pnia wykazu rodzaj\u00f3w gromadzonych Danych Osobowych. Pe\u0142ne informacje na temat ka\u017cdego rodzaju gromadzonych danych znajduj\u0105 si\u0119 w dedykowanych sekcjach niniejszej [&hellip;]\" \/>\n<meta property=\"og:url\" content=\"https:\/\/amnistra.com\/pl\/privacy-policy\/\" \/>\n<meta property=\"og:site_name\" content=\"Amnistra\" \/>\n<meta property=\"article:modified_time\" content=\"2024-04-19T12:27:41+00:00\" \/>\n<meta name=\"twitter:card\" content=\"summary_large_image\" \/>\n<meta name=\"twitter:label1\" content=\"Szacowany czas czytania\" \/>\n\t<meta name=\"twitter:data1\" content=\"9 minut\" \/>\n<script type=\"application\/ld+json\" class=\"yoast-schema-graph\">{\"@context\":\"https:\/\/schema.org\",\"@graph\":[{\"@type\":\"WebPage\",\"@id\":\"https:\/\/amnistra.com\/pl\/privacy-policy\/\",\"url\":\"https:\/\/amnistra.com\/pl\/privacy-policy\/\",\"name\":\"Privacy Policy - Amnistra\",\"isPartOf\":{\"@id\":\"https:\/\/darkviolet-badger-754030.hostingersite.com\/#website\"},\"datePublished\":\"2024-02-20T13:04:24+00:00\",\"dateModified\":\"2024-04-19T12:27:41+00:00\",\"breadcrumb\":{\"@id\":\"https:\/\/amnistra.com\/pl\/privacy-policy\/#breadcrumb\"},\"inLanguage\":\"pl-PL\",\"potentialAction\":[{\"@type\":\"ReadAction\",\"target\":[\"https:\/\/amnistra.com\/pl\/privacy-policy\/\"]}]},{\"@type\":\"BreadcrumbList\",\"@id\":\"https:\/\/amnistra.com\/pl\/privacy-policy\/#breadcrumb\",\"itemListElement\":[{\"@type\":\"ListItem\",\"position\":1,\"name\":\"Home\",\"item\":\"https:\/\/amnistra.com\/pl\/\"},{\"@type\":\"ListItem\",\"position\":2,\"name\":\"Privacy Policy\"}]},{\"@type\":\"WebSite\",\"@id\":\"https:\/\/darkviolet-badger-754030.hostingersite.com\/#website\",\"url\":\"https:\/\/darkviolet-badger-754030.hostingersite.com\/\",\"name\":\"Amnistra\",\"description\":\"Smart resources for clever grouth!\",\"publisher\":{\"@id\":\"https:\/\/darkviolet-badger-754030.hostingersite.com\/#organization\"},\"potentialAction\":[{\"@type\":\"SearchAction\",\"target\":{\"@type\":\"EntryPoint\",\"urlTemplate\":\"https:\/\/darkviolet-badger-754030.hostingersite.com\/?s={search_term_string}\"},\"query-input\":\"required name=search_term_string\"}],\"inLanguage\":\"pl-PL\"},{\"@type\":\"Organization\",\"@id\":\"https:\/\/darkviolet-badger-754030.hostingersite.com\/#organization\",\"name\":\"Amnistra\",\"url\":\"https:\/\/darkviolet-badger-754030.hostingersite.com\/\",\"logo\":{\"@type\":\"ImageObject\",\"inLanguage\":\"pl-PL\",\"@id\":\"https:\/\/darkviolet-badger-754030.hostingersite.com\/#\/schema\/logo\/image\/\",\"url\":\"https:\/\/amnistra.com\/wp-content\/uploads\/2024\/02\/logo-amnistra-1.png\",\"contentUrl\":\"https:\/\/amnistra.com\/wp-content\/uploads\/2024\/02\/logo-amnistra-1.png\",\"width\":800,\"height\":210,\"caption\":\"Amnistra\"},\"image\":{\"@id\":\"https:\/\/darkviolet-badger-754030.hostingersite.com\/#\/schema\/logo\/image\/\"}}]}<\/script>\n<!-- \/ Yoast SEO plugin. -->","yoast_head_json":{"title":"Privacy Policy - Amnistra","robots":{"index":"index","follow":"follow","max-snippet":"max-snippet:-1","max-image-preview":"max-image-preview:large","max-video-preview":"max-video-preview:-1"},"canonical":"https:\/\/amnistra.com\/pl\/privacy-policy\/","og_locale":"pl_PL","og_type":"article","og_title":"Privacy Policy - Amnistra","og_description":"W celu uzyskania informacji o gromadzonych przez Ciebie danych osobowych, celach i podmiotach, kt\u00f3rym dane s\u0105 udost\u0119pniane, mo\u017cesz skontaktowa\u0107 si\u0119 z Administratorem danych. Administrator danych Adres e-mail w\u0142a\u015bciciela: info@amnistra.com Rodzaje gromadzonych danych Administrator Danych nie udost\u0119pnia wykazu rodzaj\u00f3w gromadzonych Danych Osobowych. Pe\u0142ne informacje na temat ka\u017cdego rodzaju gromadzonych danych znajduj\u0105 si\u0119 w dedykowanych sekcjach niniejszej [&hellip;]","og_url":"https:\/\/amnistra.com\/pl\/privacy-policy\/","og_site_name":"Amnistra","article_modified_time":"2024-04-19T12:27:41+00:00","twitter_card":"summary_large_image","twitter_misc":{"Szacowany czas czytania":"9 minut"},"schema":{"@context":"https:\/\/schema.org","@graph":[{"@type":"WebPage","@id":"https:\/\/amnistra.com\/pl\/privacy-policy\/","url":"https:\/\/amnistra.com\/pl\/privacy-policy\/","name":"Privacy Policy - Amnistra","isPartOf":{"@id":"https:\/\/darkviolet-badger-754030.hostingersite.com\/#website"},"datePublished":"2024-02-20T13:04:24+00:00","dateModified":"2024-04-19T12:27:41+00:00","breadcrumb":{"@id":"https:\/\/amnistra.com\/pl\/privacy-policy\/#breadcrumb"},"inLanguage":"pl-PL","potentialAction":[{"@type":"ReadAction","target":["https:\/\/amnistra.com\/pl\/privacy-policy\/"]}]},{"@type":"BreadcrumbList","@id":"https:\/\/amnistra.com\/pl\/privacy-policy\/#breadcrumb","itemListElement":[{"@type":"ListItem","position":1,"name":"Home","item":"https:\/\/amnistra.com\/pl\/"},{"@type":"ListItem","position":2,"name":"Privacy Policy"}]},{"@type":"WebSite","@id":"https:\/\/darkviolet-badger-754030.hostingersite.com\/#website","url":"https:\/\/darkviolet-badger-754030.hostingersite.com\/","name":"Amnistra","description":"Smart resources for clever grouth!","publisher":{"@id":"https:\/\/darkviolet-badger-754030.hostingersite.com\/#organization"},"potentialAction":[{"@type":"SearchAction","target":{"@type":"EntryPoint","urlTemplate":"https:\/\/darkviolet-badger-754030.hostingersite.com\/?s={search_term_string}"},"query-input":"required name=search_term_string"}],"inLanguage":"pl-PL"},{"@type":"Organization","@id":"https:\/\/darkviolet-badger-754030.hostingersite.com\/#organization","name":"Amnistra","url":"https:\/\/darkviolet-badger-754030.hostingersite.com\/","logo":{"@type":"ImageObject","inLanguage":"pl-PL","@id":"https:\/\/darkviolet-badger-754030.hostingersite.com\/#\/schema\/logo\/image\/","url":"https:\/\/amnistra.com\/wp-content\/uploads\/2024\/02\/logo-amnistra-1.png","contentUrl":"https:\/\/amnistra.com\/wp-content\/uploads\/2024\/02\/logo-amnistra-1.png","width":800,"height":210,"caption":"Amnistra"},"image":{"@id":"https:\/\/darkviolet-badger-754030.hostingersite.com\/#\/schema\/logo\/image\/"}}]}},"_links":{"self":[{"href":"https:\/\/amnistra.com\/pl\/wp-json\/wp\/v2\/pages\/12388","targetHints":{"allow":["GET"]}}],"collection":[{"href":"https:\/\/amnistra.com\/pl\/wp-json\/wp\/v2\/pages"}],"about":[{"href":"https:\/\/amnistra.com\/pl\/wp-json\/wp\/v2\/types\/page"}],"author":[{"embeddable":true,"href":"https:\/\/amnistra.com\/pl\/wp-json\/wp\/v2\/users\/1"}],"replies":[{"embeddable":true,"href":"https:\/\/amnistra.com\/pl\/wp-json\/wp\/v2\/comments?post=12388"}],"version-history":[{"count":3,"href":"https:\/\/amnistra.com\/pl\/wp-json\/wp\/v2\/pages\/12388\/revisions"}],"predecessor-version":[{"id":12391,"href":"https:\/\/amnistra.com\/pl\/wp-json\/wp\/v2\/pages\/12388\/revisions\/12391"}],"wp:attachment":[{"href":"https:\/\/amnistra.com\/pl\/wp-json\/wp\/v2\/media?parent=12388"}],"curies":[{"name":"wp","href":"https:\/\/api.w.org\/{rel}","templated":true}]}}