{"id":12371,"date":"2022-11-16T03:45:36","date_gmt":"2022-11-16T02:45:36","guid":{"rendered":"https:\/\/amnistra.com\/oferta\/"},"modified":"2024-04-19T15:16:41","modified_gmt":"2024-04-19T13:16:41","slug":"oferta","status":"publish","type":"page","link":"https:\/\/amnistra.com\/pl\/oferta\/","title":{"rendered":"Oferta"},"content":{"rendered":"\t\t<div data-elementor-type=\"wp-page\" data-elementor-id=\"12371\" class=\"elementor elementor-12371 elementor-19\">\n\t\t\t\t\t\t<div class=\"elementor-section elementor-top-section elementor-element elementor-element-831ff01 elementor-section-stretched elementor-section-boxed elementor-section-height-default elementor-section-height-default\" data-id=\"831ff01\" data-element_type=\"section\" data-settings=\"{&quot;stretch_section&quot;:&quot;section-stretched&quot;}\">\n\t\t\t\t\t\t<div class=\"elementor-container elementor-column-gap-no\">\n\t\t\t\t\t<div class=\"elementor-column elementor-col-100 elementor-top-column elementor-element elementor-element-ff5c692\" data-id=\"ff5c692\" data-element_type=\"column\">\n\t\t\t<div class=\"elementor-widget-wrap elementor-element-populated\">\n\t\t\t\t\t\t<div class=\"elementor-element elementor-element-f5cda5c heading-theme-style-yes elementor-align-center elementor-widget-tablet__width-inherit elementor-widget-mobile__width-auto subtitle-position-below elementor-widget elementor-widget-ogeko-heading\" data-id=\"f5cda5c\" data-element_type=\"widget\" data-widget_type=\"ogeko-heading.default\">\n\t\t\t\t<div class=\"elementor-widget-container\">\n\t\t\t<div class=\"elementor-heading-wrapper-inner\"><div class=\"elementor-sub-title\">Nasze Us\u0142ugi<\/div><\/div>\t\t<\/div>\n\t\t\t\t<\/div>\n\t\t\t\t<div class=\"elementor-element elementor-element-6aca4bc elementor-widget__width-initial elementor-widget elementor-widget-heading\" data-id=\"6aca4bc\" data-element_type=\"widget\" data-widget_type=\"heading.default\">\n\t\t\t\t<div class=\"elementor-widget-container\">\n\t\t\t<style>\/*! elementor - v3.19.0 - 07-02-2024 *\/\n.elementor-heading-title{padding:0;margin:0;line-height:1}.elementor-widget-heading .elementor-heading-title[class*=elementor-size-]>a{color:inherit;font-size:inherit;line-height:inherit}.elementor-widget-heading .elementor-heading-title.elementor-size-small{font-size:15px}.elementor-widget-heading .elementor-heading-title.elementor-size-medium{font-size:19px}.elementor-widget-heading .elementor-heading-title.elementor-size-large{font-size:29px}.elementor-widget-heading .elementor-heading-title.elementor-size-xl{font-size:39px}.elementor-widget-heading .elementor-heading-title.elementor-size-xxl{font-size:59px}<\/style><h2 class=\"elementor-heading-title elementor-size-default\">Rozwijamy si\u0119 od 25 lat<\/h2>\t\t<\/div>\n\t\t\t\t<\/div>\n\t\t\t\t<div class=\"elementor-element elementor-element-1d5c320 elementor-widget__width-initial elementor-widget elementor-widget-text-editor\" data-id=\"1d5c320\" data-element_type=\"widget\" data-widget_type=\"text-editor.default\">\n\t\t\t\t<div class=\"elementor-widget-container\">\n\t\t\t<style>\/*! elementor - v3.19.0 - 07-02-2024 *\/\n.elementor-widget-text-editor.elementor-drop-cap-view-stacked .elementor-drop-cap{background-color:#69727d;color:#fff}.elementor-widget-text-editor.elementor-drop-cap-view-framed .elementor-drop-cap{color:#69727d;border:3px solid;background-color:transparent}.elementor-widget-text-editor:not(.elementor-drop-cap-view-default) .elementor-drop-cap{margin-top:8px}.elementor-widget-text-editor:not(.elementor-drop-cap-view-default) .elementor-drop-cap-letter{width:1em;height:1em}.elementor-widget-text-editor .elementor-drop-cap{float:left;text-align:center;line-height:1;font-size:50px}.elementor-widget-text-editor .elementor-drop-cap-letter{display:inline-block}<\/style>\t\t\t\t<p>Amnistra jest firm\u0105 \u015bwiadcz\u0105c\u0105 us\u0142ugi w bardzo szerokim zakresie zada\u0144 zwi\u0105zanych z prac\u0105 tymczasow\u0105, przer\u00f3bkami i outsourcingiem. Dzi\u0119ki biurom w 20 krajach na ca\u0142ym \u015bwiecie jeste\u015bmy w stanie zrealizowa\u0107 nawet najbardziej skomplikowane zadania naszych Klient\u00f3w. Wykonujemy praktycznie ca\u0142\u0105 prac\u0119 wspieraj\u0105c\u0105 podstawow\u0105 dzia\u0142alno\u015b\u0107 naszych klient\u00f3w.<\/p>\n\t\t\t\t\t\t<\/div>\n\t\t\t\t<\/div>\n\t\t\t\t\t<\/div>\n\t\t<\/div>\n\t\t\t\t\t<\/div>\n\t\t<\/div>\n\t\t<div class=\"elementor-element elementor-element-6f749d9 e-flex e-con-boxed e-con e-parent\" data-id=\"6f749d9\" data-element_type=\"container\" data-settings=\"{&quot;content_width&quot;:&quot;boxed&quot;}\" data-core-v316-plus=\"true\">\n\t\t\t\t\t<div class=\"e-con-inner\">\n\t\t\t\t<div class=\"elementor-element elementor-element-98a1f43 dots-style-1 elementor-widget elementor-widget-ogeko-service\" data-id=\"98a1f43\" data-element_type=\"widget\" data-widget_type=\"ogeko-service.default\">\n\t\t\t\t<div class=\"elementor-widget-container\">\n\t\t\t        <div class=\"elementor-post-wrapper layout-service-style-1\">\n            <div class=\"row\" data-elementor-columns=\"3\" data-elementor-columns-tablet=\"2\" data-elementor-columns-mobile=\"1\">\n\n                <div class=\"column-item service-style-1\">\n    <article class=\"service post-12405 ogeko_service type-ogeko_service status-publish hentry\">\n        <div class=\"service-inner\">\n                                        <div class=\"service-post-thumbnail\">\n                    <img decoding=\"async\" src=\"https:\/\/amnistra.com\/wp-content\/uploads\/2024\/02\/transport.svg\" alt=\"transport\">\n                <\/div>\n                        <h6 class=\"entry-title\"><a href=\"https:\/\/amnistra.com\/pl\/service\/uslugi-transportowe\/\">Us\u0142ugi transportowe<\/a><\/h6>\n            <div class=\"description\">\n                            <\/div>\n\n            <a class=\"button-more-link\" href=\"https:\/\/amnistra.com\/pl\/service\/uslugi-transportowe\/\">\n                <span class=\"button-content-wrapper\">\n                    <span class=\"button-icon left\"><i class=\"ogeko-icon-arrow-right\"><\/i><\/span>\n                    <span class=\"button-text\">Learn more<\/span>\n                    <span class=\"button-icon right\"><i class=\"ogeko-icon-arrow-right\"><\/i><\/span>\n                <\/span>\n            <\/a>\n        <\/div>\n    <\/article><!-- #post-## -->\n<\/div><div class=\"column-item service-style-1\">\n    <article class=\"service post-12409 ogeko_service type-ogeko_service status-publish hentry\">\n        <div class=\"service-inner\">\n                                        <div class=\"service-post-thumbnail\">\n                    <img decoding=\"async\" src=\"https:\/\/amnistra.com\/wp-content\/uploads\/2024\/02\/cleaning-services.svg\" alt=\"cleaning-services\">\n                <\/div>\n                        <h6 class=\"entry-title\"><a href=\"https:\/\/amnistra.com\/pl\/service\/uslugi-sprzatania\/\">Us\u0142ugi sprz\u0105tania<\/a><\/h6>\n            <div class=\"description\">\n                            <\/div>\n\n            <a class=\"button-more-link\" href=\"https:\/\/amnistra.com\/pl\/service\/uslugi-sprzatania\/\">\n                <span class=\"button-content-wrapper\">\n                    <span class=\"button-icon left\"><i class=\"ogeko-icon-arrow-right\"><\/i><\/span>\n                    <span class=\"button-text\">Learn more<\/span>\n                    <span class=\"button-icon right\"><i class=\"ogeko-icon-arrow-right\"><\/i><\/span>\n                <\/span>\n            <\/a>\n        <\/div>\n    <\/article><!-- #post-## -->\n<\/div><div class=\"column-item service-style-1\">\n    <article class=\"service post-12415 ogeko_service type-ogeko_service status-publish hentry\">\n        <div class=\"service-inner\">\n                                        <div class=\"service-post-thumbnail\">\n                    <img decoding=\"async\" src=\"https:\/\/amnistra.com\/wp-content\/uploads\/2024\/02\/logistics.svg\" alt=\"logistics\">\n                <\/div>\n                        <h6 class=\"entry-title\"><a href=\"https:\/\/amnistra.com\/pl\/service\/logistyka\/\">Logistyka<\/a><\/h6>\n            <div class=\"description\">\n                            <\/div>\n\n            <a class=\"button-more-link\" href=\"https:\/\/amnistra.com\/pl\/service\/logistyka\/\">\n                <span class=\"button-content-wrapper\">\n                    <span class=\"button-icon left\"><i class=\"ogeko-icon-arrow-right\"><\/i><\/span>\n                    <span class=\"button-text\">Learn more<\/span>\n                    <span class=\"button-icon right\"><i class=\"ogeko-icon-arrow-right\"><\/i><\/span>\n                <\/span>\n            <\/a>\n        <\/div>\n    <\/article><!-- #post-## -->\n<\/div><div class=\"column-item service-style-1\">\n    <article class=\"service post-12421 ogeko_service type-ogeko_service status-publish hentry\">\n        <div class=\"service-inner\">\n                                        <div class=\"service-post-thumbnail\">\n                    <img decoding=\"async\" src=\"https:\/\/amnistra.com\/wp-content\/uploads\/2022\/11\/hotels-and-restaurants.svg\" alt=\"hotels-and-restaurants\">\n                <\/div>\n                        <h6 class=\"entry-title\"><a href=\"https:\/\/amnistra.com\/pl\/service\/hotele-i-uslugi-cateringowe\/\">Hotele i us\u0142ugi cateringowe<\/a><\/h6>\n            <div class=\"description\">\n                            <\/div>\n\n            <a class=\"button-more-link\" href=\"https:\/\/amnistra.com\/pl\/service\/hotele-i-uslugi-cateringowe\/\">\n                <span class=\"button-content-wrapper\">\n                    <span class=\"button-icon left\"><i class=\"ogeko-icon-arrow-right\"><\/i><\/span>\n                    <span class=\"button-text\">Learn more<\/span>\n                    <span class=\"button-icon right\"><i class=\"ogeko-icon-arrow-right\"><\/i><\/span>\n                <\/span>\n            <\/a>\n        <\/div>\n    <\/article><!-- #post-## -->\n<\/div><div class=\"column-item service-style-1\">\n    <article class=\"service post-12430 ogeko_service type-ogeko_service status-publish hentry\">\n        <div class=\"service-inner\">\n                                        <div class=\"service-post-thumbnail\">\n                    <img decoding=\"async\" src=\"https:\/\/amnistra.com\/wp-content\/uploads\/2022\/11\/building.svg\" alt=\"building\">\n                <\/div>\n                        <h6 class=\"entry-title\"><a href=\"https:\/\/amnistra.com\/pl\/service\/uslugi-konstrukcyjne\/\">Us\u0142ugi konstrukcyjne<\/a><\/h6>\n            <div class=\"description\">\n                            <\/div>\n\n            <a class=\"button-more-link\" href=\"https:\/\/amnistra.com\/pl\/service\/uslugi-konstrukcyjne\/\">\n                <span class=\"button-content-wrapper\">\n                    <span class=\"button-icon left\"><i class=\"ogeko-icon-arrow-right\"><\/i><\/span>\n                    <span class=\"button-text\">Learn more<\/span>\n                    <span class=\"button-icon right\"><i class=\"ogeko-icon-arrow-right\"><\/i><\/span>\n                <\/span>\n            <\/a>\n        <\/div>\n    <\/article><!-- #post-## -->\n<\/div><div class=\"column-item service-style-1\">\n    <article class=\"service post-12437 ogeko_service type-ogeko_service status-publish hentry\">\n        <div class=\"service-inner\">\n                                        <div class=\"service-post-thumbnail\">\n                    <img decoding=\"async\" src=\"https:\/\/amnistra.com\/wp-content\/uploads\/2022\/11\/health-and-wellness.svg\" alt=\"health-and-wellness\">\n                <\/div>\n                        <h6 class=\"entry-title\"><a href=\"https:\/\/amnistra.com\/pl\/service\/uslugi-w-zakresie-zdrowia-i-dobrego-samopoczucia\/\">Us\u0142ugi w zakresie zdrowia i dobrego samopoczucia<\/a><\/h6>\n            <div class=\"description\">\n                            <\/div>\n\n            <a class=\"button-more-link\" href=\"https:\/\/amnistra.com\/pl\/service\/uslugi-w-zakresie-zdrowia-i-dobrego-samopoczucia\/\">\n                <span class=\"button-content-wrapper\">\n                    <span class=\"button-icon left\"><i class=\"ogeko-icon-arrow-right\"><\/i><\/span>\n                    <span class=\"button-text\">Learn more<\/span>\n                    <span class=\"button-icon right\"><i class=\"ogeko-icon-arrow-right\"><\/i><\/span>\n                <\/span>\n            <\/a>\n        <\/div>\n    <\/article><!-- #post-## -->\n<\/div><div class=\"column-item service-style-1\">\n    <article class=\"service post-12444 ogeko_service type-ogeko_service status-publish hentry\">\n        <div class=\"service-inner\">\n                                        <div class=\"service-post-thumbnail\">\n                    <img decoding=\"async\" src=\"https:\/\/amnistra.com\/wp-content\/uploads\/2022\/11\/specialized-resources.svg\" alt=\"specialized-resources\">\n                <\/div>\n                        <h6 class=\"entry-title\"><a href=\"https:\/\/amnistra.com\/pl\/service\/zasoby-specjalistyczne\/\">Zasoby specjalistyczne<\/a><\/h6>\n            <div class=\"description\">\n                            <\/div>\n\n            <a class=\"button-more-link\" href=\"https:\/\/amnistra.com\/pl\/service\/zasoby-specjalistyczne\/\">\n                <span class=\"button-content-wrapper\">\n                    <span class=\"button-icon left\"><i class=\"ogeko-icon-arrow-right\"><\/i><\/span>\n                    <span class=\"button-text\">Learn more<\/span>\n                    <span class=\"button-icon right\"><i class=\"ogeko-icon-arrow-right\"><\/i><\/span>\n                <\/span>\n            <\/a>\n        <\/div>\n    <\/article><!-- #post-## -->\n<\/div>            <\/div>\n        <\/div>\n        \t\t<\/div>\n\t\t\t\t<\/div>\n\t\t\t\t\t<\/div>\n\t\t\t\t<\/div>\n\t\t\t\t<\/div>\n\t\t","protected":false},"excerpt":{"rendered":"<p>Nasze Us\u0142ugi Rozwijamy si\u0119 od 25 lat Amnistra jest firm\u0105 \u015bwiadcz\u0105c\u0105 us\u0142ugi w bardzo szerokim zakresie zada\u0144 zwi\u0105zanych z prac\u0105 tymczasow\u0105, przer\u00f3bkami i outsourcingiem. Dzi\u0119ki biurom w 20 krajach na ca\u0142ym \u015bwiecie jeste\u015bmy w stanie zrealizowa\u0107 nawet najbardziej skomplikowane zadania naszych Klient\u00f3w. Wykonujemy praktycznie ca\u0142\u0105 prac\u0119 wspieraj\u0105c\u0105 podstawow\u0105 dzia\u0142alno\u015b\u0107 naszych klient\u00f3w. Us\u0142ugi transportowe Learn more [&hellip;]<\/p>\n","protected":false},"author":1,"featured_media":0,"parent":0,"menu_order":0,"comment_status":"closed","ping_status":"closed","template":"","meta":{"inline_featured_image":false,"footnotes":""},"class_list":["post-12371","page","type-page","status-publish","hentry"],"yoast_head":"<!-- This site is optimized with the Yoast SEO plugin v22.4 - https:\/\/yoast.com\/wordpress\/plugins\/seo\/ -->\n<title>Oferta - Amnistra<\/title>\n<meta name=\"robots\" content=\"index, follow, max-snippet:-1, max-image-preview:large, max-video-preview:-1\" \/>\n<link rel=\"canonical\" href=\"https:\/\/amnistra.com\/pl\/oferta\/\" \/>\n<meta property=\"og:locale\" content=\"pl_PL\" \/>\n<meta property=\"og:type\" content=\"article\" \/>\n<meta property=\"og:title\" content=\"Oferta - Amnistra\" \/>\n<meta property=\"og:description\" content=\"Nasze Us\u0142ugi Rozwijamy si\u0119 od 25 lat Amnistra jest firm\u0105 \u015bwiadcz\u0105c\u0105 us\u0142ugi w bardzo szerokim zakresie zada\u0144 zwi\u0105zanych z prac\u0105 tymczasow\u0105, przer\u00f3bkami i outsourcingiem. Dzi\u0119ki biurom w 20 krajach na ca\u0142ym \u015bwiecie jeste\u015bmy w stanie zrealizowa\u0107 nawet najbardziej skomplikowane zadania naszych Klient\u00f3w. Wykonujemy praktycznie ca\u0142\u0105 prac\u0119 wspieraj\u0105c\u0105 podstawow\u0105 dzia\u0142alno\u015b\u0107 naszych klient\u00f3w. Us\u0142ugi transportowe Learn more [&hellip;]\" \/>\n<meta property=\"og:url\" content=\"https:\/\/amnistra.com\/pl\/oferta\/\" \/>\n<meta property=\"og:site_name\" content=\"Amnistra\" \/>\n<meta property=\"article:modified_time\" content=\"2024-04-19T13:16:41+00:00\" \/>\n<meta name=\"twitter:card\" content=\"summary_large_image\" \/>\n<meta name=\"twitter:label1\" content=\"Szacowany czas czytania\" \/>\n\t<meta name=\"twitter:data1\" content=\"1 minuta\" \/>\n<script type=\"application\/ld+json\" class=\"yoast-schema-graph\">{\"@context\":\"https:\/\/schema.org\",\"@graph\":[{\"@type\":\"WebPage\",\"@id\":\"https:\/\/amnistra.com\/pl\/oferta\/\",\"url\":\"https:\/\/amnistra.com\/pl\/oferta\/\",\"name\":\"Oferta - Amnistra\",\"isPartOf\":{\"@id\":\"https:\/\/darkviolet-badger-754030.hostingersite.com\/#website\"},\"datePublished\":\"2022-11-16T02:45:36+00:00\",\"dateModified\":\"2024-04-19T13:16:41+00:00\",\"breadcrumb\":{\"@id\":\"https:\/\/amnistra.com\/pl\/oferta\/#breadcrumb\"},\"inLanguage\":\"pl-PL\",\"potentialAction\":[{\"@type\":\"ReadAction\",\"target\":[\"https:\/\/amnistra.com\/pl\/oferta\/\"]}]},{\"@type\":\"BreadcrumbList\",\"@id\":\"https:\/\/amnistra.com\/pl\/oferta\/#breadcrumb\",\"itemListElement\":[{\"@type\":\"ListItem\",\"position\":1,\"name\":\"Home\",\"item\":\"https:\/\/amnistra.com\/pl\/\"},{\"@type\":\"ListItem\",\"position\":2,\"name\":\"Oferta\"}]},{\"@type\":\"WebSite\",\"@id\":\"https:\/\/darkviolet-badger-754030.hostingersite.com\/#website\",\"url\":\"https:\/\/darkviolet-badger-754030.hostingersite.com\/\",\"name\":\"Amnistra\",\"description\":\"Smart resources for clever grouth!\",\"publisher\":{\"@id\":\"https:\/\/darkviolet-badger-754030.hostingersite.com\/#organization\"},\"potentialAction\":[{\"@type\":\"SearchAction\",\"target\":{\"@type\":\"EntryPoint\",\"urlTemplate\":\"https:\/\/darkviolet-badger-754030.hostingersite.com\/?s={search_term_string}\"},\"query-input\":\"required name=search_term_string\"}],\"inLanguage\":\"pl-PL\"},{\"@type\":\"Organization\",\"@id\":\"https:\/\/darkviolet-badger-754030.hostingersite.com\/#organization\",\"name\":\"Amnistra\",\"url\":\"https:\/\/darkviolet-badger-754030.hostingersite.com\/\",\"logo\":{\"@type\":\"ImageObject\",\"inLanguage\":\"pl-PL\",\"@id\":\"https:\/\/darkviolet-badger-754030.hostingersite.com\/#\/schema\/logo\/image\/\",\"url\":\"https:\/\/amnistra.com\/wp-content\/uploads\/2024\/02\/logo-amnistra-1.png\",\"contentUrl\":\"https:\/\/amnistra.com\/wp-content\/uploads\/2024\/02\/logo-amnistra-1.png\",\"width\":800,\"height\":210,\"caption\":\"Amnistra\"},\"image\":{\"@id\":\"https:\/\/darkviolet-badger-754030.hostingersite.com\/#\/schema\/logo\/image\/\"}}]}<\/script>\n<!-- \/ Yoast SEO plugin. -->","yoast_head_json":{"title":"Oferta - Amnistra","robots":{"index":"index","follow":"follow","max-snippet":"max-snippet:-1","max-image-preview":"max-image-preview:large","max-video-preview":"max-video-preview:-1"},"canonical":"https:\/\/amnistra.com\/pl\/oferta\/","og_locale":"pl_PL","og_type":"article","og_title":"Oferta - Amnistra","og_description":"Nasze Us\u0142ugi Rozwijamy si\u0119 od 25 lat Amnistra jest firm\u0105 \u015bwiadcz\u0105c\u0105 us\u0142ugi w bardzo szerokim zakresie zada\u0144 zwi\u0105zanych z prac\u0105 tymczasow\u0105, przer\u00f3bkami i outsourcingiem. Dzi\u0119ki biurom w 20 krajach na ca\u0142ym \u015bwiecie jeste\u015bmy w stanie zrealizowa\u0107 nawet najbardziej skomplikowane zadania naszych Klient\u00f3w. Wykonujemy praktycznie ca\u0142\u0105 prac\u0119 wspieraj\u0105c\u0105 podstawow\u0105 dzia\u0142alno\u015b\u0107 naszych klient\u00f3w. Us\u0142ugi transportowe Learn more [&hellip;]","og_url":"https:\/\/amnistra.com\/pl\/oferta\/","og_site_name":"Amnistra","article_modified_time":"2024-04-19T13:16:41+00:00","twitter_card":"summary_large_image","twitter_misc":{"Szacowany czas czytania":"1 minuta"},"schema":{"@context":"https:\/\/schema.org","@graph":[{"@type":"WebPage","@id":"https:\/\/amnistra.com\/pl\/oferta\/","url":"https:\/\/amnistra.com\/pl\/oferta\/","name":"Oferta - Amnistra","isPartOf":{"@id":"https:\/\/darkviolet-badger-754030.hostingersite.com\/#website"},"datePublished":"2022-11-16T02:45:36+00:00","dateModified":"2024-04-19T13:16:41+00:00","breadcrumb":{"@id":"https:\/\/amnistra.com\/pl\/oferta\/#breadcrumb"},"inLanguage":"pl-PL","potentialAction":[{"@type":"ReadAction","target":["https:\/\/amnistra.com\/pl\/oferta\/"]}]},{"@type":"BreadcrumbList","@id":"https:\/\/amnistra.com\/pl\/oferta\/#breadcrumb","itemListElement":[{"@type":"ListItem","position":1,"name":"Home","item":"https:\/\/amnistra.com\/pl\/"},{"@type":"ListItem","position":2,"name":"Oferta"}]},{"@type":"WebSite","@id":"https:\/\/darkviolet-badger-754030.hostingersite.com\/#website","url":"https:\/\/darkviolet-badger-754030.hostingersite.com\/","name":"Amnistra","description":"Smart resources for clever grouth!","publisher":{"@id":"https:\/\/darkviolet-badger-754030.hostingersite.com\/#organization"},"potentialAction":[{"@type":"SearchAction","target":{"@type":"EntryPoint","urlTemplate":"https:\/\/darkviolet-badger-754030.hostingersite.com\/?s={search_term_string}"},"query-input":"required name=search_term_string"}],"inLanguage":"pl-PL"},{"@type":"Organization","@id":"https:\/\/darkviolet-badger-754030.hostingersite.com\/#organization","name":"Amnistra","url":"https:\/\/darkviolet-badger-754030.hostingersite.com\/","logo":{"@type":"ImageObject","inLanguage":"pl-PL","@id":"https:\/\/darkviolet-badger-754030.hostingersite.com\/#\/schema\/logo\/image\/","url":"https:\/\/amnistra.com\/wp-content\/uploads\/2024\/02\/logo-amnistra-1.png","contentUrl":"https:\/\/amnistra.com\/wp-content\/uploads\/2024\/02\/logo-amnistra-1.png","width":800,"height":210,"caption":"Amnistra"},"image":{"@id":"https:\/\/darkviolet-badger-754030.hostingersite.com\/#\/schema\/logo\/image\/"}}]}},"_links":{"self":[{"href":"https:\/\/amnistra.com\/pl\/wp-json\/wp\/v2\/pages\/12371","targetHints":{"allow":["GET"]}}],"collection":[{"href":"https:\/\/amnistra.com\/pl\/wp-json\/wp\/v2\/pages"}],"about":[{"href":"https:\/\/amnistra.com\/pl\/wp-json\/wp\/v2\/types\/page"}],"author":[{"embeddable":true,"href":"https:\/\/amnistra.com\/pl\/wp-json\/wp\/v2\/users\/1"}],"replies":[{"embeddable":true,"href":"https:\/\/amnistra.com\/pl\/wp-json\/wp\/v2\/comments?post=12371"}],"version-history":[{"count":6,"href":"https:\/\/amnistra.com\/pl\/wp-json\/wp\/v2\/pages\/12371\/revisions"}],"predecessor-version":[{"id":12481,"href":"https:\/\/amnistra.com\/pl\/wp-json\/wp\/v2\/pages\/12371\/revisions\/12481"}],"wp:attachment":[{"href":"https:\/\/amnistra.com\/pl\/wp-json\/wp\/v2\/media?parent=12371"}],"curies":[{"name":"wp","href":"https:\/\/api.w.org\/{rel}","templated":true}]}}