{"id":12169,"date":"2024-02-20T14:04:24","date_gmt":"2024-02-20T13:04:24","guid":{"rendered":"https:\/\/amnistra.com\/privacy-policy\/"},"modified":"2024-04-12T11:07:06","modified_gmt":"2024-04-12T09:07:06","slug":"privacy-policy","status":"publish","type":"page","link":"https:\/\/amnistra.com\/it\/privacy-policy\/","title":{"rendered":"Privacy Policy"},"content":{"rendered":"\n<p>Per avere informazioni circa i dati personali raccolti, le finalit\u00e0 e i soggetti con cui i dati vengono condivisi, ti invitiamo a contattare il Titolare.<\/p>\n\n<h3 class=\"wp-block-heading\">Titolare del trattamento<\/h3>\n\n<p>Indirizzo email del proprietario: info@amnistra.com<\/p>\n\n<h4 class=\"wp-block-heading\">Tipi di dati raccolti<\/h4>\n\n<p>Il Titolare non fornisce un elenco delle tipologie di Dati Personali raccolti.<\/p>\n\n<p>Dettagli completi su ciascuna tipologia di dati raccolti sono forniti nelle sezioni dedicate di questa privacy policy o mediante specifici testi informativi visualizzati prima della raccolta dei dati stessi.<\/p>\n\n<p>I Dati Personali possono essere liberamente forniti dall&#8217;Utente o, nel caso di Dati di Utilizzo, raccolti automaticamente durante l&#8217;uso di questa Applicazione.<\/p>\n\n<p>Se non diversamente specificato, tutti i Dati richiesti da questa Applicazione sono obbligatori. Se l&#8217;Utente rifiuta di comunicarli, potrebbe essere impossibile per questa Applicazione fornire il Servizio. Nei casi in cui questa Applicazione indichi alcuni Dati come facoltativi, gli Utenti sono liberi di astenersi dal comunicare tali Dati, senza che ci\u00f2 abbia alcuna conseguenza sulla disponibilit\u00e0 del Servizio o sulla sua operativit\u00e0.<\/p>\n\n<p>Gli Utenti che dovessero avere dubbi su quali Dati siano obbligatori, sono incoraggiati a contattare il Titolare.<\/p>\n\n<p>L\u2019eventuale utilizzo di Cookie \u2013 o di altri strumenti di tracciamento \u2013 da parte di questa Applicazione o dei titolari dei servizi terzi utilizzati da questa Applicazione, ove non diversamente precisato, ha la finalit\u00e0 di fornire il Servizio richiesto dall&#8217;Utente, oltre alle ulteriori finalit\u00e0 descritte nel presente documento e nella Cookie Policy, se disponibile.<\/p>\n\n<p>L&#8217;Utente si assume la responsabilit\u00e0 dei Dati Personali di terzi ottenuti, pubblicati o condivisi mediante questa Applicazione e garantisce di avere il diritto di comunicarli o diffonderli, liberando il Titolare da qualsiasi responsabilit\u00e0 verso terzi.<\/p>\n\n<h4 class=\"wp-block-heading\">Modalit\u00e0 e luogo del trattamento dei Dati raccolti<\/h4>\n\n<h4 class=\"wp-block-heading\">Metodi di lavorazione<\/h4>\n\n<p>Il Titolare adotta adeguate misure di sicurezza volte ad impedire l&#8217;accesso, la divulgazione, la modifica o la distruzione non autorizzate dei Dati Personali.<\/p>\n\n<p>Il trattamento viene effettuato mediante strumenti informatici e\/o telematici, con modalit\u00e0 organizzative e con logiche strettamente correlate alle finalit\u00e0 indicate. Oltre al Titolare, in alcuni casi, potrebbero partecipare all&#8217;organizzazione di questa Applicazione altri soggetti coinvolti nell&#8217;organizzazione di questa Applicazione (personale amministrativo, commerciale, marketing, legali, amministratori di sistema) ovvero soggetti esterni (come fornitori di servizi tecnici terzi, corrieri postali, hosting provider) , societ\u00e0 informatiche, agenzie di comunicazione) potranno avere accesso ai Dati, nominati, se necessario, Responsabili del Trattamento da parte del Titolare. L&#8217;elenco aggiornato dei Responsabili del trattamento potr\u00e0 essere richiesto in qualsiasi momento al Titolare.<\/p>\n\n<h4 class=\"wp-block-heading\">Base giuridica del trattamento<\/h4>\n\n<p>Il Titolare tratta Dati Personali relativi all\u2019Utente in caso sussista una delle seguenti condizioni:<\/p>\n\n<ul class=\"wp-block-list\">\n<li>l&#8217;Utente ha prestato il consenso per una o pi\u00f9 finalit\u00e0 specifiche; Nota: in alcuni ordinamenti il \u200b\u200bTitolare pu\u00f2 essere autorizzato a trattare Dati Personali senza che debba sussistere il consenso dell&#8217;Utente o un&#8217;altra delle basi giuridiche specificate di seguito, fino a quando l&#8217;Utente non si opponga (\u201copt-out\u201d) a tale trattamento. Ci\u00f2 non si applica tuttavia qualora il trattamento dei Dati Personali sia regolato dalla legislazione europea in materia di protezione dei Dati Personali;<\/li>\n\n\n\n<li>il trattamento \u00e8 necessario all&#8217;esecuzione di un contratto con l&#8217;Utente e\/o all&#8217;esecuzione di misure precontrattuali;<\/li>\n\n\n\n<li>il trattamento \u00e8 necessario per adempiere un obbligo legale al quale \u00e8 soggetto il Titolare;<\/li>\n\n\n\n<li>il trattamento \u00e8 necessario per l&#8217;esecuzione di un compito svolto nel pubblico interesse o per l&#8217;esercizio di pubblici poteri di cui \u00e8 investito il Titolare;<\/li>\n\n\n\n<li>il trattamento \u00e8 necessario per il perseguimento del legittimo interesse del Titolare o di terzi.<\/li>\n<\/ul>\n\n<p>In ogni caso, \u00e8 sempre possibile chiedere al Titolare di chiarire la concreta base giuridica di ciascun trattamento ed in particolare di specificare se il trattamento sia basato sulla legge, previsto da un contratto o necessario per concludere un contratto.<\/p>\n\n<h4 class=\"wp-block-heading\">Posto<\/h4>\n\n<p>I Dati sono trattati presso le sedi operative del Titolare ed in ogni altro luogo in cui le parti coinvolte nel trattamento siano localizzate. Per ulteriori informazioni \u00e8 possibile contattare il Titolare del trattamento.<\/p>\n\n<p>I tuoi Dati Personali potrebbero essere trasferiti in un Paese diverso da quello in cui ti trovi. Per ottenere ulteriori informazioni sul luogo del trattamento l\u2019Utente pu\u00f2 fare riferimento alla sezione relativa ai dettagli sul trattamento dei Dati Personali.<\/p>\n\n<p>L&#8217;Utente ha diritto a ottenere informazioni sulla base giuridica del trasferimento di Dati al di fuori dell&#8217;Unione Europea o ad un&#8217;organizzazione internazionale di diritto internazionale pubblico o costituita da due o pi\u00f9 paesi, come ad esempio le Nazioni Unite, nonch\u00e9 sulla sicurezza misure adottate dal Titolare per proteggere i Dati.<\/p>\n\n<p>L\u2019Utente pu\u00f2 verificare se abbia luogo uno dei trasferimenti sopra descritti esaminando la sezione di questo documento relativa ai dettagli sul trattamento di Dati Personali o chiedere informazioni al Titolare contattandolo agli estremi di contatto indicati in apertura.<\/p>\n\n<h4 class=\"wp-block-heading\">Periodo di conservazione<\/h4>\n\n<p>I Dati sono trattati e conservati per il tempo richiesto dalle finalit\u00e0 per le quali sono stati raccolti.<\/p>\n\n<p>Perci\u00f2:<\/p>\n\n<ul class=\"wp-block-list\">\n<li>I Dati Personali raccolti per scopi collegati all\u2019esecuzione di un contratto tra il Titolare e l\u2019Utente saranno trattenuti sino a quando sia completata l\u2019esecuzione di tale contratto.<\/li>\n\n\n\n<li>I Dati Personali raccolti per finalit\u00e0 riconducibili all\u2019interesse legittimo del Titolare saranno trattenuti sino al soddisfacimento di tale interesse. L\u2019Utente potr\u00e0 ottenere ulteriori informazioni in merito all\u2019interesse legittimo perseguito dal Titolare nelle relative sezioni di questo documento o contattando il Titolare.<\/li>\n<\/ul>\n\n<p>Quando il trattamento \u00e8 basato sul consenso dell&#8217;Utente, il Titolare pu\u00f2 conservare i Dati Personali pi\u00f9 a lungo sino a quando detto consenso non venga revocato. Inoltre il Titolare potrebbe essere obbligato a conservare i Dati Personali per un periodo pi\u00f9 lungo in ottemperanza ad un obbligo di legge o per ordine di un\u2019autorit\u00e0.<\/p>\n\n<p>Al termine del periodo di conservazione, i Dati Personali verranno cancellati. Pertanto, allo spirare di tale termine il diritto di accesso, cancellazione, rettificazione ed il diritto alla portabilit\u00e0 dei dati non potranno pi\u00f9 essere esercitati.<\/p>\n\n<h4 class=\"wp-block-heading\">Diritti dell&#8217;utente<\/h4>\n\n<p>Gli Utenti possono esercitare determinati diritti con riferimento ai Dati trattati dal Titolare.<\/p>\n\n<p>In particolare, l&#8217;Utente ha il diritto di:<\/p>\n\n<ul class=\"wp-block-list\">\n<li>revocare il consenso in qualsiasi momento. L&#8217;Utente pu\u00f2 revocare il consenso al trattamento dei propri Dati Personali precedentemente espresso.<\/li>\n\n\n\n<li>opporsi al trattamento dei propri Dati. Puoi opporti al trattamento dei tuoi Dati quando esso avviene su una base giuridica diversa dal consenso. Ulteriori dettagli sul diritto di opposizione sono disponibili nella sezione sottostante.<\/li>\n\n\n\n<li>accedere ai tuoi dati. L\u2019Utente ha diritto ad ottenere informazioni sui Dati trattati dal Titolare, su determinati aspetti del trattamento ed a ricevere una copia dei Dati trattati.<\/li>\n\n\n\n<li>verificare e chiedere rettifica. L&#8217;Utente pu\u00f2 verificare la correttezza dei propri Dati e richiederne l&#8217;aggiornamento o la rettifica.<\/li>\n\n\n\n<li>ottenere la limitazione del trattamento. Quando ricorrono determinate condizioni, l\u2019Utente pu\u00f2 richiedere la limitazione del trattamento dei propri Dati. In tal caso il Titolare non tratter\u00e0 i Dati per alcun altro scopo se non la loro conservazione.<\/li>\n\n\n\n<li>ottenere la cancellazione o rimozione dei tuoi Dati Personali. Quando ricorrono determinate condizioni, l\u2019Utente pu\u00f2 richiedere la cancellazione dei propri Dati da parte del Titolare.<\/li>\n\n\n\n<li>ricevere i propri Dati o farli trasferire ad altro Titolare. L&#8217;Utente ha diritto di ricevere i propri Dati in un formato strutturato, di uso comune e leggibile da dispositivo automatico e, ove tecnicamente fattibile, di ottenerne il trasferimento senza ostacoli ad un altro titolare. Questa disposizione \u00e8 applicabile quando i Dati sono trattati con mezzi automatizzati ed il trattamento \u00e8 basato sul consenso dell&#8217;Utente, su un contratto di cui l&#8217;Utente \u00e8 parte o su misure contrattuali ad esso connesse.<\/li>\n\n\n\n<li>presentare un reclamo. Lei potr\u00e0 proporre un reclamo all&#8217;autorit\u00e0 di controllo della protezione dei dati competente o agire in sede giudiziale.<\/li>\n<\/ul>\n\n<h4 class=\"wp-block-heading\">Dettagli sul diritto di opposizione<\/h4>\n\n<p>Quando i Dati Personali sono trattati nell\u2019interesse pubblico, nell\u2019esercizio di pubblici poteri di cui \u00e8 investito il Titolare oppure per perseguire un interesse legittimo del Titolare, gli Utenti hanno diritto ad opporsi al trattamento per motivi connessi alla loro situazione particolare.<\/p>\n\n<p>Si informano gli Utenti che, qualora i loro Dati fossero trattati con finalit\u00e0 di marketing diretto, possono opporsi al trattamento senza fornire alcuna motivazione. Per scoprire se il Titolare tratti dati con finalit\u00e0 di marketing diretto gli Utenti possono fare riferimento alle rispettive sezioni di questo documento.<\/p>\n\n<h4 class=\"wp-block-heading\">Come esercitare i tuoi diritti<\/h4>\n\n<p>Per esercitare i diritti dell&#8217;Utente, gli Utenti possono indirizzare una richiesta agli estremi di contatto del Titolare indicati in questo documento. Le richieste sono depositate a titolo gratuito e evase dal Titolare nel pi\u00f9 breve tempo possibile, in ogni caso entro un mese.<\/p>\n\n<h4 class=\"wp-block-heading\">Maggiori informazioni sul trattamento<\/h4>\n\n<h4 class=\"wp-block-heading\">Difesa in tribunale<\/h4>\n\n<p>I Dati Personali dell&#8217;Utente possono essere utilizzati da parte del Titolare in giudizio o nelle fasi preparatorie alla sua eventuale instaurazione per la difesa da abusi nell&#8217;utilizzo di questa Applicazione o dei Servizi connessi da parte dell&#8217;Utente.<\/p>\n\n<p>L\u2019Utente dichiara di essere consapevole che il Titolare potrebbe essere obbligato a rivelare i Dati per ordine delle pubbliche autorit\u00e0.<\/p>\n\n<h4 class=\"wp-block-heading\">Informativa specifica<\/h4>\n\n<p>Su richiesta dell&#8217;Utente, in aggiunta alle informazioni contenute in questa privacy policy, questa Applicazione potrebbe fornire all&#8217;Utente delle informative aggiuntive e contestuali riguardanti Servizi specifici, o la raccolta ed il trattamento di Dati Personali.<\/p>\n\n<h4 class=\"wp-block-heading\">Registri di sistema e manutenzione<\/h4>\n\n<p>Per necessit\u00e0 legate al funzionamento ed alla manutenzione, questa Applicazione e gli eventuali servizi terzi da essa utilizzati potrebbero raccogliere log di sistema, ossia file che registrano le interazioni e che possono contenere anche Dati Personali, quali l&#8217;indirizzo IP Utente.<\/p>\n\n<h4 class=\"wp-block-heading\">Informazioni non contenute in questa policy<\/h4>\n\n<p>Ulteriori informazioni in relazione al trattamento dei Dati Personali potranno essere richieste in qualsiasi momento al Titolare del Trattamento utilizzando gli estremi di contatto.<\/p>\n\n<h4 class=\"wp-block-heading\">Rispondere alle richieste &#8220;Do Not Track&#8221;.<\/h4>\n\n<p>Questa Applicazione non supporta le richieste &#8220;Do Not Track&#8221;.<\/p>\n\n<p>Per scoprire se gli eventuali servizi di terze parti da te utilizzati li supportano, ti invitiamo a consultare le rispettive privacy policy.<\/p>\n\n<h4 class=\"wp-block-heading\">Modifiche alla presente informativa sulla privacy<\/h4>\n\n<p>Il Titolare del Trattamento si riserva il diritto di apportare modifiche alla presente privacy policy in qualunque momento dandone pubblicit\u00e0 agli Utenti su questa pagina e, se possibile, su questa Applicazione e, qualora tecnicamente e legalmente fattibile, inviando una notifica agli Utenti attraverso uno degli estremi di contatto in suo possesso. Si prega di consultare frequentemente questa pagina, facendo riferimento alla data di ultima modifica indicata in fondo.<\/p>\n\n<p>Qualora le modifiche incidano su trattamenti la cui base giuridica \u00e8 il consenso, il Titolare raccoglier\u00e0 nuovamente il consenso dell&#8217;Utente, se necessario.<\/p>\n","protected":false},"excerpt":{"rendered":"<p>Per avere informazioni circa i dati personali raccolti, le finalit\u00e0 e i soggetti con cui i dati vengono condivisi, ti invitiamo a contattare il Titolare. Titolare del trattamento Indirizzo email del proprietario: info@amnistra.com Tipi di dati raccolti Il Titolare non fornisce un elenco delle tipologie di Dati Personali raccolti. Dettagli completi su ciascuna tipologia di [&hellip;]<\/p>\n","protected":false},"author":1,"featured_media":0,"parent":0,"menu_order":0,"comment_status":"closed","ping_status":"open","template":"","meta":{"inline_featured_image":false,"footnotes":""},"class_list":["post-12169","page","type-page","status-publish","hentry"],"yoast_head":"<!-- This site is optimized with the Yoast SEO plugin v22.4 - https:\/\/yoast.com\/wordpress\/plugins\/seo\/ -->\n<title>Privacy Policy - Amnistra<\/title>\n<meta name=\"robots\" content=\"index, follow, max-snippet:-1, max-image-preview:large, max-video-preview:-1\" \/>\n<link rel=\"canonical\" href=\"https:\/\/amnistra.com\/it\/privacy-policy\/\" \/>\n<meta property=\"og:locale\" content=\"it_IT\" \/>\n<meta property=\"og:type\" content=\"article\" \/>\n<meta property=\"og:title\" content=\"Privacy Policy - Amnistra\" \/>\n<meta property=\"og:description\" content=\"Per avere informazioni circa i dati personali raccolti, le finalit\u00e0 e i soggetti con cui i dati vengono condivisi, ti invitiamo a contattare il Titolare. Titolare del trattamento Indirizzo email del proprietario: info@amnistra.com Tipi di dati raccolti Il Titolare non fornisce un elenco delle tipologie di Dati Personali raccolti. Dettagli completi su ciascuna tipologia di [&hellip;]\" \/>\n<meta property=\"og:url\" content=\"https:\/\/amnistra.com\/it\/privacy-policy\/\" \/>\n<meta property=\"og:site_name\" content=\"Amnistra\" \/>\n<meta property=\"article:modified_time\" content=\"2024-04-12T09:07:06+00:00\" \/>\n<meta name=\"twitter:card\" content=\"summary_large_image\" \/>\n<meta name=\"twitter:label1\" content=\"Tempo di lettura stimato\" \/>\n\t<meta name=\"twitter:data1\" content=\"8 minuti\" \/>\n<script type=\"application\/ld+json\" class=\"yoast-schema-graph\">{\"@context\":\"https:\/\/schema.org\",\"@graph\":[{\"@type\":\"WebPage\",\"@id\":\"https:\/\/amnistra.com\/it\/privacy-policy\/\",\"url\":\"https:\/\/amnistra.com\/it\/privacy-policy\/\",\"name\":\"Privacy Policy - Amnistra\",\"isPartOf\":{\"@id\":\"https:\/\/darkviolet-badger-754030.hostingersite.com\/#website\"},\"datePublished\":\"2024-02-20T13:04:24+00:00\",\"dateModified\":\"2024-04-12T09:07:06+00:00\",\"breadcrumb\":{\"@id\":\"https:\/\/amnistra.com\/it\/privacy-policy\/#breadcrumb\"},\"inLanguage\":\"it-IT\",\"potentialAction\":[{\"@type\":\"ReadAction\",\"target\":[\"https:\/\/amnistra.com\/it\/privacy-policy\/\"]}]},{\"@type\":\"BreadcrumbList\",\"@id\":\"https:\/\/amnistra.com\/it\/privacy-policy\/#breadcrumb\",\"itemListElement\":[{\"@type\":\"ListItem\",\"position\":1,\"name\":\"Home\",\"item\":\"https:\/\/amnistra.com\/it\/\"},{\"@type\":\"ListItem\",\"position\":2,\"name\":\"Privacy Policy\"}]},{\"@type\":\"WebSite\",\"@id\":\"https:\/\/darkviolet-badger-754030.hostingersite.com\/#website\",\"url\":\"https:\/\/darkviolet-badger-754030.hostingersite.com\/\",\"name\":\"Amnistra\",\"description\":\"Smart resources for clever grouth!\",\"publisher\":{\"@id\":\"https:\/\/darkviolet-badger-754030.hostingersite.com\/#organization\"},\"potentialAction\":[{\"@type\":\"SearchAction\",\"target\":{\"@type\":\"EntryPoint\",\"urlTemplate\":\"https:\/\/darkviolet-badger-754030.hostingersite.com\/?s={search_term_string}\"},\"query-input\":\"required name=search_term_string\"}],\"inLanguage\":\"it-IT\"},{\"@type\":\"Organization\",\"@id\":\"https:\/\/darkviolet-badger-754030.hostingersite.com\/#organization\",\"name\":\"Amnistra\",\"url\":\"https:\/\/darkviolet-badger-754030.hostingersite.com\/\",\"logo\":{\"@type\":\"ImageObject\",\"inLanguage\":\"it-IT\",\"@id\":\"https:\/\/darkviolet-badger-754030.hostingersite.com\/#\/schema\/logo\/image\/\",\"url\":\"https:\/\/amnistra.com\/wp-content\/uploads\/2024\/02\/logo-amnistra-1.png\",\"contentUrl\":\"https:\/\/amnistra.com\/wp-content\/uploads\/2024\/02\/logo-amnistra-1.png\",\"width\":800,\"height\":210,\"caption\":\"Amnistra\"},\"image\":{\"@id\":\"https:\/\/darkviolet-badger-754030.hostingersite.com\/#\/schema\/logo\/image\/\"}}]}<\/script>\n<!-- \/ Yoast SEO plugin. -->","yoast_head_json":{"title":"Privacy Policy - Amnistra","robots":{"index":"index","follow":"follow","max-snippet":"max-snippet:-1","max-image-preview":"max-image-preview:large","max-video-preview":"max-video-preview:-1"},"canonical":"https:\/\/amnistra.com\/it\/privacy-policy\/","og_locale":"it_IT","og_type":"article","og_title":"Privacy Policy - Amnistra","og_description":"Per avere informazioni circa i dati personali raccolti, le finalit\u00e0 e i soggetti con cui i dati vengono condivisi, ti invitiamo a contattare il Titolare. Titolare del trattamento Indirizzo email del proprietario: info@amnistra.com Tipi di dati raccolti Il Titolare non fornisce un elenco delle tipologie di Dati Personali raccolti. Dettagli completi su ciascuna tipologia di [&hellip;]","og_url":"https:\/\/amnistra.com\/it\/privacy-policy\/","og_site_name":"Amnistra","article_modified_time":"2024-04-12T09:07:06+00:00","twitter_card":"summary_large_image","twitter_misc":{"Tempo di lettura stimato":"8 minuti"},"schema":{"@context":"https:\/\/schema.org","@graph":[{"@type":"WebPage","@id":"https:\/\/amnistra.com\/it\/privacy-policy\/","url":"https:\/\/amnistra.com\/it\/privacy-policy\/","name":"Privacy Policy - Amnistra","isPartOf":{"@id":"https:\/\/darkviolet-badger-754030.hostingersite.com\/#website"},"datePublished":"2024-02-20T13:04:24+00:00","dateModified":"2024-04-12T09:07:06+00:00","breadcrumb":{"@id":"https:\/\/amnistra.com\/it\/privacy-policy\/#breadcrumb"},"inLanguage":"it-IT","potentialAction":[{"@type":"ReadAction","target":["https:\/\/amnistra.com\/it\/privacy-policy\/"]}]},{"@type":"BreadcrumbList","@id":"https:\/\/amnistra.com\/it\/privacy-policy\/#breadcrumb","itemListElement":[{"@type":"ListItem","position":1,"name":"Home","item":"https:\/\/amnistra.com\/it\/"},{"@type":"ListItem","position":2,"name":"Privacy Policy"}]},{"@type":"WebSite","@id":"https:\/\/darkviolet-badger-754030.hostingersite.com\/#website","url":"https:\/\/darkviolet-badger-754030.hostingersite.com\/","name":"Amnistra","description":"Smart resources for clever grouth!","publisher":{"@id":"https:\/\/darkviolet-badger-754030.hostingersite.com\/#organization"},"potentialAction":[{"@type":"SearchAction","target":{"@type":"EntryPoint","urlTemplate":"https:\/\/darkviolet-badger-754030.hostingersite.com\/?s={search_term_string}"},"query-input":"required name=search_term_string"}],"inLanguage":"it-IT"},{"@type":"Organization","@id":"https:\/\/darkviolet-badger-754030.hostingersite.com\/#organization","name":"Amnistra","url":"https:\/\/darkviolet-badger-754030.hostingersite.com\/","logo":{"@type":"ImageObject","inLanguage":"it-IT","@id":"https:\/\/darkviolet-badger-754030.hostingersite.com\/#\/schema\/logo\/image\/","url":"https:\/\/amnistra.com\/wp-content\/uploads\/2024\/02\/logo-amnistra-1.png","contentUrl":"https:\/\/amnistra.com\/wp-content\/uploads\/2024\/02\/logo-amnistra-1.png","width":800,"height":210,"caption":"Amnistra"},"image":{"@id":"https:\/\/darkviolet-badger-754030.hostingersite.com\/#\/schema\/logo\/image\/"}}]}},"_links":{"self":[{"href":"https:\/\/amnistra.com\/it\/wp-json\/wp\/v2\/pages\/12169","targetHints":{"allow":["GET"]}}],"collection":[{"href":"https:\/\/amnistra.com\/it\/wp-json\/wp\/v2\/pages"}],"about":[{"href":"https:\/\/amnistra.com\/it\/wp-json\/wp\/v2\/types\/page"}],"author":[{"embeddable":true,"href":"https:\/\/amnistra.com\/it\/wp-json\/wp\/v2\/users\/1"}],"replies":[{"embeddable":true,"href":"https:\/\/amnistra.com\/it\/wp-json\/wp\/v2\/comments?post=12169"}],"version-history":[{"count":3,"href":"https:\/\/amnistra.com\/it\/wp-json\/wp\/v2\/pages\/12169\/revisions"}],"predecessor-version":[{"id":12172,"href":"https:\/\/amnistra.com\/it\/wp-json\/wp\/v2\/pages\/12169\/revisions\/12172"}],"wp:attachment":[{"href":"https:\/\/amnistra.com\/it\/wp-json\/wp\/v2\/media?parent=12169"}],"curies":[{"name":"wp","href":"https:\/\/api.w.org\/{rel}","templated":true}]}}